{"id":152,"date":"2023-05-30T07:28:11","date_gmt":"2023-05-30T07:28:11","guid":{"rendered":"http:\/\/sv-antares.de\/?page_id=152"},"modified":"2023-05-30T13:33:41","modified_gmt":"2023-05-30T13:33:41","slug":"mehr-oder-weniger-historische-dokumente-zur-sirius-26","status":"publish","type":"page","link":"https:\/\/sv-antares.de\/en\/mehr-oder-weniger-historische-dokumente-zur-sirius-26\/","title":{"rendered":"more or less historical documents on the Sirius 26"},"content":{"rendered":"<p>Unfortunately, there is generally little information available about the Sirius 26. It had its heyday long before the internet, and apparently, there aren't excessively many owners who document their boat online outside of Facebook even today.<\/p>\n\n\n\n<p>The one website that kept popping up is the \"<a href=\"https:\/\/sirius-26.jimdofree.com\" data-type=\"URL\" data-id=\"https:\/\/sirius-26.jimdofree.com\">Marotte<\/a>\". However, I recently found out that Marotte has a new owner and is no longer called Marotte. Therefore, I assume that this website will not be maintained in the future either (the last update was reportedly in 2019).<\/p>\n\n\n\n<p>To preserve at least some of the content from that website, I took the liberty of copying it here. Due to the age of the documents, I assume that they are no longer protected by copyrights.<\/p>\n\n\n\n<div data-wp-interactive=\"core\/file\" class=\"wp-block-file alignwide\"><object data-wp-bind--hidden=\"!state.hasPdfPreview\" hidden class=\"wp-block-file__embed\" data=\"http:\/\/sv-antares.de\/wp-content\/uploads\/2023\/05\/Sirius-26-1.pdf\" type=\"application\/pdf\" style=\"width:100%;height:600px\" aria-label=\"Embed of Sirius-26-1.\"><\/object><a id=\"wp-block-file--media-5d17c525-05fb-4215-848a-b4a168c27eeb\" href=\"http:\/\/sv-antares.de\/wp-content\/uploads\/2023\/05\/Sirius-26-1.pdf\">Sirius-26-1<\/a><a href=\"http:\/\/sv-antares.de\/wp-content\/uploads\/2023\/05\/Sirius-26-1.pdf\" class=\"wp-block-file__button wp-element-button\" download aria-describedby=\"wp-block-file--media-5d17c525-05fb-4215-848a-b4a168c27eeb\">Herunterladen<\/a><\/div>\n\n\n\n<div data-wp-interactive=\"core\/file\" class=\"wp-block-file alignwide\"><object data-wp-bind--hidden=\"!state.hasPdfPreview\" hidden class=\"wp-block-file__embed\" data=\"http:\/\/sv-antares.de\/wp-content\/uploads\/2023\/05\/Sirius-26-2.pdf\" type=\"application\/pdf\" style=\"width:100%;height:600px\" aria-label=\"Embed of Sirius-26-2.\"><\/object><a id=\"wp-block-file--media-91ed3ce2-be40-4123-b42e-40d565356002\" href=\"http:\/\/sv-antares.de\/wp-content\/uploads\/2023\/05\/Sirius-26-2.pdf\">Sirius-26-2<\/a><a href=\"http:\/\/sv-antares.de\/wp-content\/uploads\/2023\/05\/Sirius-26-2.pdf\" class=\"wp-block-file__button wp-element-button\" download aria-describedby=\"wp-block-file--media-91ed3ce2-be40-4123-b42e-40d565356002\">Herunterladen<\/a><\/div>\n\n\n\n<div data-wp-interactive=\"core\/file\" class=\"wp-block-file alignwide\"><object data-wp-bind--hidden=\"!state.hasPdfPreview\" hidden class=\"wp-block-file__embed\" data=\"http:\/\/sv-antares.de\/wp-content\/uploads\/2023\/05\/Sirius-26-3.pdf\" type=\"application\/pdf\" style=\"width:100%;height:600px\" aria-label=\"Embed of Sirius-26-3.\"><\/object><a id=\"wp-block-file--media-e5360ebb-6099-48c7-98ac-b27f6b67b35a\" href=\"http:\/\/sv-antares.de\/wp-content\/uploads\/2023\/05\/Sirius-26-3.pdf\">Sirius-26-3<\/a><a href=\"http:\/\/sv-antares.de\/wp-content\/uploads\/2023\/05\/Sirius-26-3.pdf\" class=\"wp-block-file__button wp-element-button\" download aria-describedby=\"wp-block-file--media-e5360ebb-6099-48c7-98ac-b27f6b67b35a\">Herunterladen<\/a><\/div>\n\n\n\n<div data-wp-interactive=\"core\/file\" class=\"wp-block-file alignwide\"><object data-wp-bind--hidden=\"!state.hasPdfPreview\" hidden class=\"wp-block-file__embed\" data=\"http:\/\/sv-antares.de\/wp-content\/uploads\/2023\/05\/Preisliste.pdf\" type=\"application\/pdf\" style=\"width:100%;height:600px\" aria-label=\"Embed of Preisliste.\"><\/object><a id=\"wp-block-file--media-1d7390ab-1bf5-4e95-8a55-6fa9106110a0\" href=\"http:\/\/sv-antares.de\/wp-content\/uploads\/2023\/05\/Preisliste.pdf\">Preisliste<\/a><a href=\"http:\/\/sv-antares.de\/wp-content\/uploads\/2023\/05\/Preisliste.pdf\" class=\"wp-block-file__button wp-element-button\" download aria-describedby=\"wp-block-file--media-1d7390ab-1bf5-4e95-8a55-6fa9106110a0\">Herunterladen<\/a><\/div>\n\n\n\n<p>Testberichte gab es \u00fcber die Jahre auch, von einem Test des Vorserienbootes bis zu einem Gebrauchttest in den fr\u00fchen 2000ern.<\/p>\n\n\n\n<div data-wp-interactive=\"core\/file\" class=\"wp-block-file alignwide\"><object data-wp-bind--hidden=\"!state.hasPdfPreview\" hidden class=\"wp-block-file__embed\" data=\"http:\/\/sv-antares.de\/wp-content\/uploads\/2023\/05\/Segeln-Test-Sirius26.pdf\" type=\"application\/pdf\" style=\"width:100%;height:600px\" aria-label=\"Embed of Segeln-Test-Sirius26.\"><\/object><a id=\"wp-block-file--media-6c696b5f-4f53-4d7e-b89d-341d730c90e7\" href=\"http:\/\/sv-antares.de\/wp-content\/uploads\/2023\/05\/Segeln-Test-Sirius26.pdf\">Segeln-Test-Sirius26<\/a><a href=\"http:\/\/sv-antares.de\/wp-content\/uploads\/2023\/05\/Segeln-Test-Sirius26.pdf\" class=\"wp-block-file__button wp-element-button\" download aria-describedby=\"wp-block-file--media-6c696b5f-4f53-4d7e-b89d-341d730c90e7\">Herunterladen<\/a><\/div>\n\n\n\n<div data-wp-interactive=\"core\/file\" class=\"wp-block-file alignwide\"><object data-wp-bind--hidden=\"!state.hasPdfPreview\" hidden class=\"wp-block-file__embed\" data=\"http:\/\/sv-antares.de\/wp-content\/uploads\/2023\/05\/Test.pdf\" type=\"application\/pdf\" style=\"width:100%;height:600px\" aria-label=\"Embed of Test.\"><\/object><a id=\"wp-block-file--media-79888678-b4f7-4575-8db4-80b39920c645\" href=\"http:\/\/sv-antares.de\/wp-content\/uploads\/2023\/05\/Test.pdf\">Test<\/a><a href=\"http:\/\/sv-antares.de\/wp-content\/uploads\/2023\/05\/Test.pdf\" class=\"wp-block-file__button wp-element-button\" download aria-describedby=\"wp-block-file--media-79888678-b4f7-4575-8db4-80b39920c645\">Herunterladen<\/a><\/div>\n\n\n\n<div data-wp-interactive=\"core\/file\" class=\"wp-block-file alignwide\"><object data-wp-bind--hidden=\"!state.hasPdfPreview\" hidden class=\"wp-block-file__embed\" data=\"http:\/\/sv-antares.de\/wp-content\/uploads\/2023\/05\/YACHT_12-1993.pdf\" type=\"application\/pdf\" style=\"width:100%;height:600px\" aria-label=\"Embed of YACHT_12-1993.\"><\/object><a id=\"wp-block-file--media-1e481250-48c7-4ee1-8974-efbb7272ae19\" href=\"http:\/\/sv-antares.de\/wp-content\/uploads\/2023\/05\/YACHT_12-1993.pdf\">YACHT_12-1993<\/a><a href=\"http:\/\/sv-antares.de\/wp-content\/uploads\/2023\/05\/YACHT_12-1993.pdf\" class=\"wp-block-file__button wp-element-button\" download aria-describedby=\"wp-block-file--media-1e481250-48c7-4ee1-8974-efbb7272ae19\">Herunterladen<\/a><\/div>\n\n\n\n<div data-wp-interactive=\"core\/file\" class=\"wp-block-file alignwide\"><object data-wp-bind--hidden=\"!state.hasPdfPreview\" hidden class=\"wp-block-file__embed\" data=\"http:\/\/sv-antares.de\/wp-content\/uploads\/2023\/05\/yacht_12-2004.pdf\" type=\"application\/pdf\" style=\"width:100%;height:600px\" aria-label=\"Embed of yacht_12-2004.\"><\/object><a id=\"wp-block-file--media-32e352b1-46c5-45dd-9ae6-4192ed4c009a\" href=\"http:\/\/sv-antares.de\/wp-content\/uploads\/2023\/05\/yacht_12-2004.pdf\">yacht_12-2004<\/a><a href=\"http:\/\/sv-antares.de\/wp-content\/uploads\/2023\/05\/yacht_12-2004.pdf\" class=\"wp-block-file__button wp-element-button\" download aria-describedby=\"wp-block-file--media-32e352b1-46c5-45dd-9ae6-4192ed4c009a\">Herunterladen<\/a><\/div>","protected":false},"excerpt":{"rendered":"<p>Leider ist insgesamt wenig zur Sirius 26 zu finden. Sie hatte ihre gro\u00dfe Zeit halt lange vor dem Internet und scheinbar gibt es auch heute nicht \u00fcberm\u00e4\u00dfig viele Eigner, die Ihr Boot im Netz au\u00dferhalb von Facebook dokumentieren. Die eine Seite, die immer wieder zu finden war ist die der &#8222;Marotte&#8222;. Ich habe allerdings neulich [&hellip;]<\/p>\n","protected":false},"author":1,"featured_media":0,"parent":0,"menu_order":0,"comment_status":"closed","ping_status":"closed","template":"","meta":{"advanced_seo_description":"","jetpack_seo_html_title":"","jetpack_seo_noindex":false,"activitypub_content_warning":"","activitypub_content_visibility":"","activitypub_max_image_attachments":4,"activitypub_interaction_policy_quote":"anyone","activitypub_status":"","footnotes":""},"class_list":["post-152","page","type-page","status-publish","hentry"],"jetpack_shortlink":"https:\/\/wp.me\/PefHEa-2s","jetpack_sharing_enabled":true,"_links":{"self":[{"href":"https:\/\/sv-antares.de\/en\/wp-json\/wp\/v2\/pages\/152","targetHints":{"allow":["GET"]}}],"collection":[{"href":"https:\/\/sv-antares.de\/en\/wp-json\/wp\/v2\/pages"}],"about":[{"href":"https:\/\/sv-antares.de\/en\/wp-json\/wp\/v2\/types\/page"}],"author":[{"embeddable":true,"href":"https:\/\/sv-antares.de\/en\/wp-json\/wp\/v2\/users\/1"}],"replies":[{"embeddable":true,"href":"https:\/\/sv-antares.de\/en\/wp-json\/wp\/v2\/comments?post=152"}],"version-history":[{"count":4,"href":"https:\/\/sv-antares.de\/en\/wp-json\/wp\/v2\/pages\/152\/revisions"}],"predecessor-version":[{"id":177,"href":"https:\/\/sv-antares.de\/en\/wp-json\/wp\/v2\/pages\/152\/revisions\/177"}],"wp:attachment":[{"href":"https:\/\/sv-antares.de\/en\/wp-json\/wp\/v2\/media?parent=152"}],"curies":[{"name":"wp","href":"https:\/\/api.w.org\/{rel}","templated":true}]}}