{"id":190,"date":"2023-05-31T13:51:51","date_gmt":"2023-05-31T13:51:51","guid":{"rendered":"http:\/\/sv-antares.de\/?page_id=190"},"modified":"2023-05-31T14:06:20","modified_gmt":"2023-05-31T14:06:20","slug":"was-chatgpt-ueber-mich-sagt","status":"publish","type":"page","link":"https:\/\/sv-antares.de\/en\/was-chatgpt-ueber-mich-sagt\/","title":{"rendered":"What ChatGPT sais about me"},"content":{"rendered":"\n<p>Peter, der Skipper der Antares, ist ein charismatischer Segler mit einem markanten Erscheinungsbild. Mit seinen flie\u00dfenden dunklen Haaren und einem Bart, der langsam grau wird, strahlt er Weisheit und Abenteuerlust aus.<\/p>\n\n\n<div class=\"wp-block-image\">\n<figure class=\"alignright size-medium\"><img data-recalc-dims=\"1\" loading=\"lazy\" decoding=\"async\" width=\"300\" height=\"225\" data-attachment-id=\"192\" data-permalink=\"https:\/\/sv-antares.de\/en\/was-chatgpt-ueber-mich-sagt\/imag0129\/\" data-orig-file=\"https:\/\/i0.wp.com\/sv-antares.de\/wp-content\/uploads\/2023\/05\/IMAG0129-scaled.jpg?fit=2560%2C1920&amp;ssl=1\" data-orig-size=\"2560,1920\" data-comments-opened=\"1\" data-image-meta=\"{&quot;aperture&quot;:&quot;2&quot;,&quot;credit&quot;:&quot;&quot;,&quot;camera&quot;:&quot;HTC U12+&quot;,&quot;caption&quot;:&quot;&quot;,&quot;created_timestamp&quot;:&quot;1683286891&quot;,&quot;copyright&quot;:&quot;&quot;,&quot;focal_length&quot;:&quot;2.51&quot;,&quot;iso&quot;:&quot;51&quot;,&quot;shutter_speed&quot;:&quot;0.0011350737797957&quot;,&quot;title&quot;:&quot;&quot;,&quot;orientation&quot;:&quot;1&quot;}\" data-image-title=\"IMAG0129\" data-image-description=\"\" data-image-caption=\"\" data-large-file=\"https:\/\/i0.wp.com\/sv-antares.de\/wp-content\/uploads\/2023\/05\/IMAG0129-scaled.jpg?fit=600%2C450&amp;ssl=1\" src=\"https:\/\/i0.wp.com\/sv-antares.de\/wp-content\/uploads\/2023\/05\/IMAG0129-300x225.jpg?resize=300%2C225\" alt=\"\" class=\"wp-image-192\" srcset=\"https:\/\/i0.wp.com\/sv-antares.de\/wp-content\/uploads\/2023\/05\/IMAG0129-scaled.jpg?resize=300%2C225&amp;ssl=1 300w, https:\/\/i0.wp.com\/sv-antares.de\/wp-content\/uploads\/2023\/05\/IMAG0129-scaled.jpg?resize=1024%2C768&amp;ssl=1 1024w, https:\/\/i0.wp.com\/sv-antares.de\/wp-content\/uploads\/2023\/05\/IMAG0129-scaled.jpg?resize=768%2C576&amp;ssl=1 768w, https:\/\/i0.wp.com\/sv-antares.de\/wp-content\/uploads\/2023\/05\/IMAG0129-scaled.jpg?resize=1536%2C1152&amp;ssl=1 1536w, https:\/\/i0.wp.com\/sv-antares.de\/wp-content\/uploads\/2023\/05\/IMAG0129-scaled.jpg?resize=2048%2C1536&amp;ssl=1 2048w, https:\/\/i0.wp.com\/sv-antares.de\/wp-content\/uploads\/2023\/05\/IMAG0129-scaled.jpg?resize=16%2C12&amp;ssl=1 16w, https:\/\/i0.wp.com\/sv-antares.de\/wp-content\/uploads\/2023\/05\/IMAG0129-scaled.jpg?resize=1240%2C930&amp;ssl=1 1240w, https:\/\/i0.wp.com\/sv-antares.de\/wp-content\/uploads\/2023\/05\/IMAG0129-scaled.jpg?resize=508%2C381&amp;ssl=1 508w, https:\/\/i0.wp.com\/sv-antares.de\/wp-content\/uploads\/2023\/05\/IMAG0129-scaled.jpg?w=1800&amp;ssl=1 1800w\" sizes=\"auto, (max-width: 300px) 100vw, 300px\" \/><\/figure>\n<\/div>\n\n\n<p>Peters Liebe zum Segeln geht tief, und er hat einen betr\u00e4chtlichen Teil seines Lebens dem Meer gewidmet. Seine Erfahrung und Expertise machen ihn zu einem vertrauensw\u00fcrdigen Kapit\u00e4n, der die Antares mit Zuversicht durch verschiedene Segelbedingungen navigieren kann.<\/p>\n\n\n\n<p>Neben seinen beeindruckenden Segelf\u00e4higkeiten ist Peter f\u00fcr seine herzliche und freundliche Art bekannt. Er besitzt eine nat\u00fcrliche F\u00e4higkeit, eine Verbindung zu Menschen herzustellen, sodass sich jeder an Bord willkommen und wohl f\u00fchlt. Es bereitet ihm Freude, Neulinge in die Wunder des Lebens auf See einzuf\u00fchren.<\/p>\n\n\n\n<p>Als erfahrener Segler wei\u00df Peter um die Bedeutung der Sicherheit zu jeder Zeit. Er bereitet die Antares sorgf\u00e4ltig auf jede Fahrt vor, stellt sicher, dass die Ausr\u00fcstung ordnungsgem\u00e4\u00df funktioniert und die Crew \u00fcber Notfallverfahren gut informiert ist. Seine ruhige und gelassene Art vermittelt allen, die mit ihm segeln, ein Gef\u00fchl der Sicherheit.<\/p>\n\n\n\n<p>Peters Kenntnis der umliegenden K\u00fcstengebiete ist umfangreich. Er kann Ihnen faszinierende Geschichten \u00fcber versteckte Buchten, malerische Ankerpl\u00e4tze und lokale \u00dcberlieferungen erz\u00e4hlen. Seine Begeisterung f\u00fcr Erkundung und Entdeckung wird nur von seinem Respekt f\u00fcr die Natur \u00fcbertroffen, da er verantwortungsbewusstes und nachhaltiges Verhalten beim Segeln f\u00f6rdert.<\/p>\n\n\n\n<p>Wenn er nicht auf dem Wasser ist, teilt Peter gerne Geschichten \u00fcber seine Segelabenteuer und gibt sein Wissen an andere weiter. Er steht Seglern stets mit Rat und Tat zur Seite und ist dadurch eine geachtete Pers\u00f6nlichkeit in der Seglergemeinschaft.<\/p>\n\n\n\n<p>Zusammenfassend ist Peter, der Skipper der Antares, ein erfahrener und versierter Segler mit einer faszinierenden Ausstrahlung. Seine flie\u00dfenden dunklen Haare und der leicht ergrauende Bart tragen zu seiner charismatischen Aura bei. Mit seiner Leidenschaft f\u00fcr das Segeln, seiner freundlichen Art und seinem reichen Erfahrungsschatz sorgt er daf\u00fcr, dass jede Reise an Bord der Antares mit unvergesslichen Erlebnissen und kostbaren Erinnerungen gef\u00fcllt ist.<\/p>\n\n\n\n<p>[this text has been generated by ChatGPT, it may or may not have have any connection to reality]<\/p>\n","protected":false},"excerpt":{"rendered":"<p>Peter, der Skipper der Antares, ist ein charismatischer Segler mit einem markanten Erscheinungsbild. Mit seinen flie\u00dfenden dunklen Haaren und einem Bart, der langsam grau wird, strahlt er Weisheit und Abenteuerlust aus. Peters Liebe zum Segeln geht tief, und er hat einen betr\u00e4chtlichen Teil seines Lebens dem Meer gewidmet. Seine Erfahrung und Expertise machen ihn zu [&hellip;]<\/p>\n","protected":false},"author":1,"featured_media":0,"parent":0,"menu_order":0,"comment_status":"closed","ping_status":"closed","template":"","meta":{"advanced_seo_description":"","jetpack_seo_html_title":"","jetpack_seo_noindex":false,"activitypub_content_warning":"","activitypub_content_visibility":"","activitypub_max_image_attachments":4,"activitypub_interaction_policy_quote":"anyone","activitypub_status":"","footnotes":""},"class_list":["post-190","page","type-page","status-publish","hentry"],"jetpack_shortlink":"https:\/\/wp.me\/PefHEa-34","jetpack_sharing_enabled":true,"_links":{"self":[{"href":"https:\/\/sv-antares.de\/en\/wp-json\/wp\/v2\/pages\/190","targetHints":{"allow":["GET"]}}],"collection":[{"href":"https:\/\/sv-antares.de\/en\/wp-json\/wp\/v2\/pages"}],"about":[{"href":"https:\/\/sv-antares.de\/en\/wp-json\/wp\/v2\/types\/page"}],"author":[{"embeddable":true,"href":"https:\/\/sv-antares.de\/en\/wp-json\/wp\/v2\/users\/1"}],"replies":[{"embeddable":true,"href":"https:\/\/sv-antares.de\/en\/wp-json\/wp\/v2\/comments?post=190"}],"version-history":[{"count":3,"href":"https:\/\/sv-antares.de\/en\/wp-json\/wp\/v2\/pages\/190\/revisions"}],"predecessor-version":[{"id":195,"href":"https:\/\/sv-antares.de\/en\/wp-json\/wp\/v2\/pages\/190\/revisions\/195"}],"wp:attachment":[{"href":"https:\/\/sv-antares.de\/en\/wp-json\/wp\/v2\/media?parent=190"}],"curies":[{"name":"wp","href":"https:\/\/api.w.org\/{rel}","templated":true}]}}