{"id":339,"date":"2024-05-15T14:39:49","date_gmt":"2024-05-15T14:39:49","guid":{"rendered":"https:\/\/sv-antares.de\/friends\/"},"modified":"2024-05-16T07:47:14","modified_gmt":"2024-05-16T07:47:14","slug":"friends","status":"publish","type":"page","link":"https:\/\/sv-antares.de\/en\/friends\/","title":{"rendered":"Friends"},"content":{"rendered":"<p class=\"not-friends\">Ich habe mich mit meinen Freunden \u00fcber <strong>WordPress<\/strong> mit dem <strong>Freunde-Plugin<\/strong> vernetzt. Das bedeutet ich kann private Beitr\u00e4ge nur mit meinen Freunden teilen, w\u00e4hrend ich die Kontrolle \u00fcber meine Daten behalte.\nWenn du auch eine WordPress Website mit dem Freunde-Plugin hast, kannst du mir eine Freundschaftsanfrage senden. Wenn nicht, mache es wie ich und hol dir <a href=\"https:\/\/wordpress.org\/\">WordPress<\/a> und installiere das <a href=\"https:\/\/wordpress.org\/plugins\/friends\/\">Freunde-Plugin<\/a>!\n<\/p>\n\n\n\n<div class=\"wp-block-friends-follow-me not-friends\"><form method=\"post\" action=\"\">\n<p>Gib deine Blog URL ein, um meinem Netzwerk beizutreten. <a href=\"https:\/\/wpfriends.at\/follow-me\">Weitere Informationen<\/a><\/p>\n<div><input type=\"text\" name=\"friends_friend_request_url\" placeholder=\"https:\/\/example.com\/\"\/>\u00a0<button>Folge dieser Website<\/button><\/div><input type=\"hidden\" name=\"trp-form-language\" value=\"en\"\/><\/form><\/div>","protected":false},"excerpt":{"rendered":"<p>Ich habe mich mit meinen Freunden \u00fcber WordPress mit dem Freunde-Plugin vernetzt. Das bedeutet ich kann private Beitr\u00e4ge nur mit meinen Freunden teilen, w\u00e4hrend ich die Kontrolle \u00fcber meine Daten behalte. Wenn du auch eine WordPress Website mit dem Freunde-Plugin hast, kannst du mir eine Freundschaftsanfrage senden. Wenn nicht, mache es wie ich und hol [&hellip;]<\/p>\n","protected":false},"author":1,"featured_media":0,"parent":0,"menu_order":0,"comment_status":"closed","ping_status":"closed","template":"","meta":{"advanced_seo_description":"","jetpack_seo_html_title":"","jetpack_seo_noindex":false,"activitypub_content_warning":"","activitypub_content_visibility":"","activitypub_max_image_attachments":4,"activitypub_interaction_policy_quote":"anyone","activitypub_status":"federated","footnotes":""},"class_list":["post-339","page","type-page","status-publish","hentry"],"jetpack_shortlink":"https:\/\/wp.me\/PefHEa-5t","jetpack_sharing_enabled":true,"_links":{"self":[{"href":"https:\/\/sv-antares.de\/en\/wp-json\/wp\/v2\/pages\/339","targetHints":{"allow":["GET"]}}],"collection":[{"href":"https:\/\/sv-antares.de\/en\/wp-json\/wp\/v2\/pages"}],"about":[{"href":"https:\/\/sv-antares.de\/en\/wp-json\/wp\/v2\/types\/page"}],"author":[{"embeddable":true,"href":"https:\/\/sv-antares.de\/en\/wp-json\/wp\/v2\/users\/1"}],"replies":[{"embeddable":true,"href":"https:\/\/sv-antares.de\/en\/wp-json\/wp\/v2\/comments?post=339"}],"version-history":[{"count":1,"href":"https:\/\/sv-antares.de\/en\/wp-json\/wp\/v2\/pages\/339\/revisions"}],"predecessor-version":[{"id":352,"href":"https:\/\/sv-antares.de\/en\/wp-json\/wp\/v2\/pages\/339\/revisions\/352"}],"wp:attachment":[{"href":"https:\/\/sv-antares.de\/en\/wp-json\/wp\/v2\/media?parent=339"}],"curies":[{"name":"wp","href":"https:\/\/api.w.org\/{rel}","templated":true}]}}